{"id":7,"date":"2026-04-08T10:38:50","date_gmt":"2026-04-08T08:38:50","guid":{"rendered":"http:\/\/wiktorjasinski67.you2.pl\/?page_id=7"},"modified":"2026-04-08T10:41:17","modified_gmt":"2026-04-08T08:41:17","slug":"kot-terorysta","status":"publish","type":"page","link":"https:\/\/wiktorjasinski67.you2.pl\/index.php\/kot-terorysta\/","title":{"rendered":"Kot Terorysta"},"content":{"rendered":"\n<figure class=\"wp-block-image aligncenter size-large is-resized\"><img loading=\"lazy\" decoding=\"async\" width=\"1024\" height=\"1009\" src=\"http:\/\/wiktorjasinski67.you2.pl\/wp-content\/uploads\/2026\/04\/GvwPXvOWcAA-qE4-1024x1009.jpg\" alt=\"\" class=\"wp-image-8\" style=\"aspect-ratio:1;object-fit:cover;width:420px\" srcset=\"https:\/\/wiktorjasinski67.you2.pl\/wp-content\/uploads\/2026\/04\/GvwPXvOWcAA-qE4-1024x1009.jpg 1024w, https:\/\/wiktorjasinski67.you2.pl\/wp-content\/uploads\/2026\/04\/GvwPXvOWcAA-qE4-300x296.jpg 300w, https:\/\/wiktorjasinski67.you2.pl\/wp-content\/uploads\/2026\/04\/GvwPXvOWcAA-qE4-768x756.jpg 768w, https:\/\/wiktorjasinski67.you2.pl\/wp-content\/uploads\/2026\/04\/GvwPXvOWcAA-qE4.jpg 1200w\" sizes=\"auto, (max-width: 1024px) 100vw, 1024px\" \/><\/figure>\n\n\n\n<p class=\"has-foreground-background-color has-background\"><\/p>\n\n\n\n<figure class=\"wp-block-embed is-type-video is-provider-youtube wp-block-embed-youtube wp-embed-aspect-16-9 wp-has-aspect-ratio\"><div class=\"wp-block-embed__wrapper\">\n<iframe loading=\"lazy\" title=\"W\u015bciek\u0142y Najman je mandarynk\u0119\" width=\"500\" height=\"281\" src=\"https:\/\/www.youtube.com\/embed\/-cYBOGo0ptk?feature=oembed\" frameborder=\"0\" allow=\"accelerometer; autoplay; clipboard-write; encrypted-media; gyroscope; picture-in-picture; web-share\" referrerpolicy=\"strict-origin-when-cross-origin\" allowfullscreen><\/iframe>\n<\/div><\/figure>\n\n\n\n<div class=\"wp-block-group has-global-padding is-layout-constrained wp-block-group-is-layout-constrained\">\n<details class=\"wp-block-details is-layout-flow wp-block-details-is-layout-flow\"><summary><strong>Um\u00f3w si\u0119 na jedzenie mandarynek z Najmanem<\/strong><\/summary><div class=\"wp-block-calendar\"><table id=\"wp-calendar\" class=\"wp-calendar-table\">\n\t<caption>kwiecie\u0144 2026<\/caption>\n\t<thead>\n\t<tr>\n\t\t<th scope=\"col\" aria-label=\"poniedzia\u0142ek\">P<\/th>\n\t\t<th scope=\"col\" aria-label=\"wtorek\">W<\/th>\n\t\t<th scope=\"col\" aria-label=\"\u015broda\">\u015a<\/th>\n\t\t<th scope=\"col\" aria-label=\"czwartek\">C<\/th>\n\t\t<th scope=\"col\" aria-label=\"pi\u0105tek\">P<\/th>\n\t\t<th scope=\"col\" aria-label=\"sobota\">S<\/th>\n\t\t<th scope=\"col\" aria-label=\"niedziela\">N<\/th>\n\t<\/tr>\n\t<\/thead>\n\t<tbody>\n\t<tr>\n\t\t<td colspan=\"2\" class=\"pad\">&nbsp;<\/td><td>1<\/td><td>2<\/td><td>3<\/td><td>4<\/td><td>5<\/td>\n\t<\/tr>\n\t<tr>\n\t\t<td>6<\/td><td>7<\/td><td id=\"today\">8<\/td><td>9<\/td><td>10<\/td><td>11<\/td><td>12<\/td>\n\t<\/tr>\n\t<tr>\n\t\t<td>13<\/td><td>14<\/td><td>15<\/td><td>16<\/td><td>17<\/td><td>18<\/td><td>19<\/td>\n\t<\/tr>\n\t<tr>\n\t\t<td>20<\/td><td>21<\/td><td>22<\/td><td>23<\/td><td>24<\/td><td>25<\/td><td>26<\/td>\n\t<\/tr>\n\t<tr>\n\t\t<td>27<\/td><td>28<\/td><td>29<\/td><td>30<\/td>\n\t\t<td class=\"pad\" colspan=\"3\">&nbsp;<\/td>\n\t<\/tr>\n\t<\/tbody>\n\t<\/table><nav aria-label=\"Poprzednie i nast\u0119pne miesi\u0105ce\" class=\"wp-calendar-nav\">\n\t\t<span class=\"wp-calendar-nav-prev\"><a href=\"https:\/\/wiktorjasinski67.you2.pl\/index.php\/2025\/04\/\">&laquo; kwi<\/a><\/span>\n\t\t<span class=\"pad\">&nbsp;<\/span>\n\t\t<span class=\"wp-calendar-nav-next\">&nbsp;<\/span>\n\t<\/nav><\/div><\/details>\n<\/div>\n\n\n\n<p><\/p>\n","protected":false},"excerpt":{"rendered":"","protected":false},"author":1,"featured_media":9,"parent":0,"menu_order":0,"comment_status":"closed","ping_status":"closed","template":"","meta":{"footnotes":""},"class_list":["post-7","page","type-page","status-publish","has-post-thumbnail","hentry"],"_links":{"self":[{"href":"https:\/\/wiktorjasinski67.you2.pl\/index.php\/wp-json\/wp\/v2\/pages\/7","targetHints":{"allow":["GET"]}}],"collection":[{"href":"https:\/\/wiktorjasinski67.you2.pl\/index.php\/wp-json\/wp\/v2\/pages"}],"about":[{"href":"https:\/\/wiktorjasinski67.you2.pl\/index.php\/wp-json\/wp\/v2\/types\/page"}],"author":[{"embeddable":true,"href":"https:\/\/wiktorjasinski67.you2.pl\/index.php\/wp-json\/wp\/v2\/users\/1"}],"replies":[{"embeddable":true,"href":"https:\/\/wiktorjasinski67.you2.pl\/index.php\/wp-json\/wp\/v2\/comments?post=7"}],"version-history":[{"count":3,"href":"https:\/\/wiktorjasinski67.you2.pl\/index.php\/wp-json\/wp\/v2\/pages\/7\/revisions"}],"predecessor-version":[{"id":12,"href":"https:\/\/wiktorjasinski67.you2.pl\/index.php\/wp-json\/wp\/v2\/pages\/7\/revisions\/12"}],"wp:featuredmedia":[{"embeddable":true,"href":"https:\/\/wiktorjasinski67.you2.pl\/index.php\/wp-json\/wp\/v2\/media\/9"}],"wp:attachment":[{"href":"https:\/\/wiktorjasinski67.you2.pl\/index.php\/wp-json\/wp\/v2\/media?parent=7"}],"curies":[{"name":"wp","href":"https:\/\/api.w.org\/{rel}","templated":true}]}}